{"id":25335,"date":"2024-02-12T07:54:35","date_gmt":"2024-02-12T06:54:35","guid":{"rendered":"https:\/\/new.freiburg-camping.de\/?page_id=25335"},"modified":"2026-02-25T16:19:09","modified_gmt":"2026-02-25T15:19:09","slug":"prices","status":"publish","type":"page","link":"https:\/\/www.camping-freiburg.de\/en\/preise\/","title":{"rendered":"Prices"},"content":{"rendered":"<p>[et_pb_section fb_built=&#8220;1&#8243; _builder_version=&#8220;4.24.0&#8243; _module_preset=&#8220;default&#8220; background_image=&#8220;https:\/\/www.camping-freiburg.de\/wp-content\/uploads\/2024\/02\/20210722-4961.jpg&#8220; da_disable_devices=&#8220;off|off|off&#8220; border_width_bottom=&#8220;6px&#8220; border_color_bottom=&#8220;#7A6855&#8243; box_shadow_style=&#8220;preset3&#8243; global_colors_info=&#8220;{}&#8220; da_is_popup=&#8220;off&#8220; da_exit_intent=&#8220;off&#8220; da_has_close=&#8220;on&#8220; da_alt_close=&#8220;off&#8220; da_dark_close=&#8220;off&#8220; da_not_modal=&#8220;on&#8220; da_is_singular=&#8220;off&#8220; da_with_loader=&#8220;off&#8220; da_has_shadow=&#8220;on&#8220;][et_pb_row _builder_version=&#8220;4.24.0&#8243; _module_preset=&#8220;default&#8220; global_colors_info=&#8220;{}&#8220;][et_pb_column type=&#8220;4_4&#8243; _builder_version=&#8220;4.24.0&#8243; _module_preset=&#8220;default&#8220; global_colors_info=&#8220;{}&#8220;][et_pb_text _builder_version=&#8220;4.24.0&#8243; _dynamic_attributes=&#8220;content&#8220; _module_preset=&#8220;default&#8220; header_text_align=&#8220;center&#8220; header_text_color=&#8220;#FFFFFF&#8220; header_font_size=&#8220;51px&#8220; header_font_size_tablet=&#8220;51px&#8220; header_font_size_phone=&#8220;32px&#8220; header_font_size_last_edited=&#8220;on|phone&#8220; global_colors_info=&#8220;{}&#8220;]@ET-DC@eyJkeW5hbWljIjp0cnVlLCJjb250ZW50IjoicG9zdF90aXRsZSIsInNldHRpbmdzIjp7ImJlZm9yZSI6IjxoMT4iLCJhZnRlciI6IjwvaDE+In19@[\/et_pb_text][\/et_pb_column][\/et_pb_row][\/et_pb_section][et_pb_section fb_built=&#8220;1&#8243; admin_label=&#8220;Inhalt&#8220; _builder_version=&#8220;4.27.3&#8243; _module_preset=&#8220;default&#8220; background_image=&#8220;https:\/\/www.camping-freiburg.de\/wp-content\/uploads\/2024\/02\/Camping_Hirzberg_2024_BG_hell.svg&#8220; background_size=&#8220;custom&#8220; background_image_width=&#8220;500px&#8220; background_position=&#8220;top_right&#8220; background_horizontal_offset=&#8220;-14%&#8220; background_vertical_offset=&#8220;3%&#8220; custom_padding=&#8220;||100px|||&#8220; da_disable_devices=&#8220;off|off|off&#8220; global_colors_info=&#8220;{}&#8220; da_is_popup=&#8220;off&#8220; da_exit_intent=&#8220;off&#8220; da_has_close=&#8220;on&#8220; da_alt_close=&#8220;off&#8220; da_dark_close=&#8220;off&#8220; da_not_modal=&#8220;on&#8220; da_is_singular=&#8220;off&#8220; da_with_loader=&#8220;off&#8220; da_has_shadow=&#8220;on&#8220;][et_pb_row column_structure=&#8220;3_5,2_5&#8243; _builder_version=&#8220;4.24.0&#8243; _module_preset=&#8220;default&#8220; custom_margin=&#8220;|auto|-2px|auto||&#8220; custom_padding=&#8220;||12px|||&#8220; global_colors_info=&#8220;{}&#8220;][et_pb_column type=&#8220;3_5&#8243; _builder_version=&#8220;4.24.0&#8243; _module_preset=&#8220;default&#8220; global_colors_info=&#8220;{}&#8220;][et_pb_text _builder_version=&#8220;4.24.0&#8243; _module_preset=&#8220;default&#8220; custom_margin=&#8220;||2px||false|false&#8220; global_colors_info=&#8220;{}&#8220;]<\/p>\n<h3>Camping und Mietunterk\u00fcnfte<\/h3>\n<p>[\/et_pb_text][et_pb_text _builder_version=&#8220;4.24.0&#8243; _module_preset=&#8220;735f98ea-55df-4664-8c7a-4e89e91fcf18&#8243; header_font=&#8220;|||on|||||&#8220; header_text_color=&#8220;#7A6855&#8243; header_2_font=&#8220;|700|||||||&#8220; header_2_text_align=&#8220;left&#8220; header_2_text_color=&#8220;#7A6855&#8243; custom_margin=&#8220;||20px||false|false&#8220; global_colors_info=&#8220;{}&#8220;]<\/p>\n<h2>Unsere aktuellen Preise<\/h2>\n<p>[\/et_pb_text][et_pb_divider _builder_version=&#8220;4.24.0&#8243; _module_preset=&#8220;default&#8220; module_alignment=&#8220;left&#8220; global_colors_info=&#8220;{}&#8220;][\/et_pb_divider][\/et_pb_column][et_pb_column type=&#8220;2_5&#8243; _builder_version=&#8220;4.24.0&#8243; _module_preset=&#8220;default&#8220; global_colors_info=&#8220;{}&#8220;][et_pb_button button_url=&#8220;\/reservierung&#8220; button_text=&#8220;Jetzt anfragen&#8220; button_alignment=&#8220;right&#8220; _builder_version=&#8220;4.24.0&#8243; _module_preset=&#8220;792f4e59-0a44-4eba-b988-d5fc19e702ee&#8220; custom_button=&#8220;off&#8220; global_colors_info=&#8220;{}&#8220;][\/et_pb_button][\/et_pb_column][\/et_pb_row][et_pb_row _builder_version=&#8220;4.27.4&#8243; _module_preset=&#8220;default&#8220; global_colors_info=&#8220;{}&#8220;][et_pb_column type=&#8220;4_4&#8243; _builder_version=&#8220;4.27.4&#8243; _module_preset=&#8220;default&#8220; global_colors_info=&#8220;{}&#8220;][et_pb_text _builder_version=&#8220;4.27.4&#8243; _module_preset=&#8220;default&#8220; global_colors_info=&#8220;{}&#8220;]<\/p>\n<p>Money can&#8217;t buy you love? Och, nicht direkt. Als Gegenwert f\u00fcr eine Auszeit auf Freiburgs feinstem Campingplatz \u2013 allemal hilfreich. Und idyllisch ist es bei uns ohnehin. Also, in Sachen Camping-Liebe geht da einiges.<\/p>\n<p>Hier eine \u00dcbersicht, was sie bei uns kostet.<\/p>\n<p>[\/et_pb_text][\/et_pb_column][\/et_pb_row][et_pb_row column_structure=&#8220;3_4,1_4&#8243; use_custom_gutter=&#8220;on&#8220; gutter_width=&#8220;2&#8243; _builder_version=&#8220;4.27.5&#8243; _module_preset=&#8220;default&#8220; width=&#8220;100%&#8220; module_alignment=&#8220;center&#8220; custom_margin=&#8220;2px|auto||auto||&#8220; custom_padding=&#8220;3px||35px|||&#8220; hover_enabled=&#8220;0&#8243; global_colors_info=&#8220;{}&#8220; sticky_enabled=&#8220;0&#8243;][et_pb_column type=&#8220;3_4&#8243; _builder_version=&#8220;4.27.5&#8243; _module_preset=&#8220;default&#8220; global_colors_info=&#8220;{}&#8220;][dvmd_table_maker tbl_stripes_active=&#8220;on&#8220; tbl_hover_active=&#8220;horz&#8220; tbl_hover_tint=&#8220;-5&#8243; tbl_hover_apply=&#8220;on|off|off|on|on&#8220; tbl_chead_cell_align_vert=&#8220;center&#8220; tbl_rhead_cell_color=&#8220;#F1EFEC&#8220; tbl_rhead_cell_align_horz=&#8220;left&#8220; tbl_rhead_cell_align_vert=&#8220;center&#8220; _builder_version=&#8220;4.27.5&#8243; _module_preset=&#8220;default&#8220; tbl_tcell_text_font=&#8220;||||||||&#8220; tbl_tcell_text_font_size=&#8220;15px&#8220; tbl_chead_text_font=&#8220;Poppins|||on|||||&#8220; tbl_rhead_text_font=&#8220;Poppins|600|||||||&#8220; tbl_rhead_text_text_color=&#8220;#7A6855&#8243; custom_margin=&#8220;|0px|30px|0px|false|false&#8220; custom_margin_tablet=&#8220;|20px||20px|false|false&#8220; custom_margin_phone=&#8220;|20px||20px|false|false&#8220; custom_margin_last_edited=&#8220;on|tablet&#8220; hover_enabled=&#8220;0&#8243; border_radii_tbl_chead_cell_border=&#8220;off|10px|10px||&#8220; box_shadow_style=&#8220;preset3&#8243; box_shadow_vertical=&#8220;9px&#8220; box_shadow_blur=&#8220;11px&#8220; box_shadow_spread=&#8220;-11px&#8220; global_colors_info=&#8220;{}&#8220; sticky_enabled=&#8220;0&#8243;][dvmd_table_maker_item col_label=&#8220;Posten&#8220; col_content=&#8220;<br \/>\nErwachsene<br \/>\nJugendliche (13-17)<br \/>\nKinder (3-12)<br \/>\nBaby (0-2)<br \/>\nWohnwagen<br \/>\nWohnmobil<br \/>\nCampingbus<br \/>\nZelt auf Wiese (Juli\/August)<br \/>\nZelt auf Zeltetage (M\u00e4r-Okt)<br \/>\nAuto<br \/>\nMotorrad<br \/>\nHund<br \/>\n\u00d6ko-Strom pauschal 5 kW\/h<br \/>\nServicepauschale<br \/>\nMietzelte-\/h\u00fctten<br \/>\nMiet-Wohnwagen<br \/>\nACSI (*im Aktionszeitraum)&#8220; col_column_max_width=&#8220;0.8fr&#8220; col_button_text=&#8220;Button&#8220; col_tcell_cell_align_horz=&#8220;center&#8220; col_tcell_cell_align_vert=&#8220;center&#8220; _builder_version=&#8220;4.27.5&#8243; _module_preset=&#8220;default&#8220; hover_enabled=&#8220;0&#8243; global_colors_info=&#8220;{}&#8220; sticky_enabled=&#8220;0&#8243;][\/dvmd_table_maker_item][dvmd_table_maker_item col_label=&#8220;Nebensaison&#8220; col_content=&#8220;<b>01.11. &#8211; 28.02.<\/b><br \/>\n11,00 \u20ac<br \/>\n9,50 \u20ac<br \/>\n4,00 \u20ac<br \/>\n&#8211;<br \/>\n9,00 \u20ac<br \/>\n10,50 \u20ac<br \/>\n9,50 \u20ac<br \/>\nn. V.<br \/>\n6,00 \u20ac<br \/>\n4,00 \u20ac<br \/>\n3,00 \u20ac<br \/>\n4,00 \u20ac<br \/>\n4,50 \u20ac<br \/>\n3,00 \u20ac<br \/>\n&#8211;<br \/>\n&#8211;<br \/>\n31,35 \u20ac*&#8220; col_column_max_width=&#8220;0.6fr&#8220; col_tcell_cell_align_horz=&#8220;center&#8220; col_tcell_cell_align_vert=&#8220;center&#8220; col_chead_cell_color=&#8220;#ABCFAB&#8220; _builder_version=&#8220;4.27.5&#8243; _module_preset=&#8220;default&#8220; hover_enabled=&#8220;0&#8243; global_colors_info=&#8220;{}&#8220; sticky_enabled=&#8220;0&#8243;][\/dvmd_table_maker_item][dvmd_table_maker_item col_label=&#8220;Hauptsaison&#8220; col_content=&#8220;<b>01.03.-31.10.<\/b><br \/>\n11,50 \u20ac<br \/>\n10,00 \u20ac<br \/>\n4,50 \u20ac<br \/>\n&#8211;<br \/>\n9,50 \u20ac<br \/>\n11,00 \u20ac<br \/>\n10,00 \u20ac<br \/>\n3,50 \u20ac<br \/>\n6,00 \u20ac<br \/>\n4,00 \u20ac<br \/>\n3,00 \u20ac<br \/>\n4,00 \u20ac<br \/>\n4,50 \u20ac<br \/>\n3,00 \u20ac<br \/>\n&#8211;<br \/>\n&#8211;<br \/>\n31,35  \u20ac*&#8220; col_column_max_width=&#8220;0.6fr&#8220; col_tcell_cell_align_horz=&#8220;center&#8220; col_tcell_cell_align_vert=&#8220;center&#8220; col_chead_cell_color=&#8220;#ABCFAB&#8220; _builder_version=&#8220;4.27.5&#8243; _module_preset=&#8220;default&#8220; hover_enabled=&#8220;0&#8243; global_colors_info=&#8220;{}&#8220; sticky_enabled=&#8220;0&#8243;][\/dvmd_table_maker_item][\/dvmd_table_maker][\/et_pb_column][et_pb_column type=&#8220;1_4&#8243; _builder_version=&#8220;4.24.0&#8243; _module_preset=&#8220;default&#8220; global_colors_info=&#8220;{}&#8220;][et_pb_text _builder_version=&#8220;4.27.5&#8243; _module_preset=&#8220;default&#8220; text_font_size=&#8220;15px&#8220; text_line_height=&#8220;1.4em&#8220; background_color=&#8220;rgba(241,239,236,0.35)&#8220; custom_margin=&#8220;1px||41px||false|false&#8220; custom_margin_tablet=&#8220;1px|20px|41px|20px|false|false&#8220; custom_margin_phone=&#8220;1px|20px|41px|20px|false|false&#8220; custom_margin_last_edited=&#8220;on|tablet&#8220; custom_padding=&#8220;12px|12px|12px|12px|true|true&#8220; border_radii=&#8220;off|12px|12px|12px|12px&#8220; border_width_all=&#8220;1px&#8220; border_color_all=&#8220;#D7D0C8&#8243; global_colors_info=&#8220;{}&#8220;]<\/p>\n<p><strong>Die Preise enthalten &#8211; eigentlich alles!<\/strong><br \/>Nutzung der Sanit\u00e4reinrichtungen und der K\u00fcche, die MwSt. sowie 5 % \u00dcbernachtungssteuer, die die Stadt Freiburg f\u00fcr Touristen ab 18 Jahren erhebt (k\u00f6nnen wir nix f\u00fcr).<\/p>\n<p><strong>*ACSI:<\/strong><br \/>inkl. Stellplatz, 2 Personen, 1 Hund, Elektrizit\u00e4t. Zuz\u00fcglich 3,00 \u20ac Servicepauschale und 1,35 \u20ac \u00dcbernachtungssteuer. Bitte habt Verst\u00e4ndnis, dass nicht alle Pl\u00e4tze zur Verf\u00fcgung stehen!<\/p>\n<p>[\/et_pb_text][et_pb_text _builder_version=&#8220;4.27.5&#8243; _module_preset=&#8220;default&#8220; text_font_size=&#8220;15px&#8220; text_line_height=&#8220;1.4em&#8220; ul_line_height=&#8220;1.4em&#8220; background_color=&#8220;rgba(241,239,236,0.35)&#8220; custom_margin=&#8220;1px|0px|12px|0px|false|false&#8220; custom_margin_tablet=&#8220;|20px||20px|false|false&#8220; custom_margin_phone=&#8220;|20px||20px|false|false&#8220; custom_margin_last_edited=&#8220;on|tablet&#8220; custom_padding=&#8220;12px|12px|12px|12px|true|true&#8220; border_radii=&#8220;off|12px|12px|12px|12px&#8220; border_width_all=&#8220;1px&#8220; border_color_all=&#8220;#D7D0C8&#8243; global_colors_info=&#8220;{}&#8220;]<\/p>\n<p><span><strong>Fr\u00fchanreisen<\/strong> oder <strong>Sp\u00e4tabreisen<\/strong> sind w\u00e4hrend der Hauptreisezeit leider nicht m\u00f6glich. In der Nebensaison schon &#8211; dann bitte in jedem Fall vor der Anreise\/Abreise mit uns absprechen!.<\/span><br \/>Hoffentlich nicht notwendig aber gut zu wissen &#8211; unsere <strong>Stornierungsbedingungen<\/strong>:<\/p>\n<ul>\n<li>bis 5 Tage vor Anreise: kostenfrei<\/li>\n<li>k\u00fcrzer als 5 Tage vor Anreise: 50 % des Reisepreises<\/li>\n<li>Storno am Anreisetag oder bei Nichterscheinen: 100% des Gesamtbetrages<\/li>\n<\/ul>\n<p><strong>Und: Stornierungen k\u00f6nnen nur schriftlich entgegen genommen werden.<\/strong><\/p>\n<p>[\/et_pb_text][\/et_pb_column][\/et_pb_row][\/et_pb_section]<\/p>\n","protected":false},"excerpt":{"rendered":"<p>Camping und Mietunterk\u00fcnfteUnsere aktuellen PreiseMoney can&#8217;t buy you love? Och, nicht direkt. Als Gegenwert f\u00fcr eine Auszeit auf Freiburgs feinstem Campingplatz \u2013 allemal hilfreich. Und idyllisch ist es bei uns ohnehin. Also, in Sachen Camping-Liebe geht da einiges. Hier eine \u00dcbersicht, was sie bei uns kostet.<div class=\"et_pb_module dvmd_table_maker dvmd_table_maker_0 dvmd_tm_version_4_0_1\">\n\t\t\t\t\n\t\t\t\t\n\t\t\t\t\n\t\t\t\t\n\t\t\t\t\n\t\t\t\t\n\t\t\t\t<div class=\"et_pb_module_inner\">\n\t\t\t\t\t\n\t\t\t\t<\/div>\n\t\t\t<\/div><\/p>","protected":false},"author":1,"featured_media":0,"parent":0,"menu_order":0,"comment_status":"closed","ping_status":"closed","template":"","meta":{"_et_pb_use_builder":"on","_et_pb_old_content":"","_et_gb_content_width":"","inline_featured_image":false,"footnotes":""},"class_list":["post-25335","page","type-page","status-publish","hentry"],"_links":{"self":[{"href":"https:\/\/www.camping-freiburg.de\/en\/wp-json\/wp\/v2\/pages\/25335","targetHints":{"allow":["GET"]}}],"collection":[{"href":"https:\/\/www.camping-freiburg.de\/en\/wp-json\/wp\/v2\/pages"}],"about":[{"href":"https:\/\/www.camping-freiburg.de\/en\/wp-json\/wp\/v2\/types\/page"}],"author":[{"embeddable":true,"href":"https:\/\/www.camping-freiburg.de\/en\/wp-json\/wp\/v2\/users\/1"}],"replies":[{"embeddable":true,"href":"https:\/\/www.camping-freiburg.de\/en\/wp-json\/wp\/v2\/comments?post=25335"}],"version-history":[{"count":0,"href":"https:\/\/www.camping-freiburg.de\/en\/wp-json\/wp\/v2\/pages\/25335\/revisions"}],"wp:attachment":[{"href":"https:\/\/www.camping-freiburg.de\/en\/wp-json\/wp\/v2\/media?parent=25335"}],"curies":[{"name":"wp","href":"https:\/\/api.w.org\/{rel}","templated":true}]}}