{"id":25445,"date":"2024-02-12T11:45:42","date_gmt":"2024-02-12T10:45:42","guid":{"rendered":"https:\/\/new.freiburg-camping.de\/?page_id=25445"},"modified":"2025-11-18T19:14:45","modified_gmt":"2025-11-18T18:14:45","slug":"stellenangebote","status":"publish","type":"page","link":"https:\/\/www.camping-freiburg.de\/en\/stellenangebote\/","title":{"rendered":"Stellenangebote"},"content":{"rendered":"<p>[et_pb_section fb_built=&#8220;1&#8243; _builder_version=&#8220;4.24.0&#8243; _module_preset=&#8220;default&#8220; background_image=&#8220;https:\/\/www.camping-freiburg.de\/wp-content\/uploads\/2024\/02\/20210722-4977.jpg&#8220; background_position=&#8220;bottom_center&#8220; border_width_bottom=&#8220;6px&#8220; border_color_bottom=&#8220;#7A6855&#8243; box_shadow_style=&#8220;preset3&#8243; global_colors_info=&#8220;{}&#8220;][et_pb_row _builder_version=&#8220;4.24.0&#8243; _module_preset=&#8220;default&#8220; global_colors_info=&#8220;{}&#8220;][et_pb_column type=&#8220;4_4&#8243; _builder_version=&#8220;4.24.0&#8243; _module_preset=&#8220;default&#8220; global_colors_info=&#8220;{}&#8220;][et_pb_text _builder_version=&#8220;4.24.0&#8243; _dynamic_attributes=&#8220;content&#8220; _module_preset=&#8220;default&#8220; header_text_align=&#8220;center&#8220; header_text_color=&#8220;#FFFFFF&#8220; header_font_size=&#8220;51px&#8220; header_font_size_tablet=&#8220;51px&#8220; header_font_size_phone=&#8220;32px&#8220; header_font_size_last_edited=&#8220;on|phone&#8220; global_colors_info=&#8220;{}&#8220;]@ET-DC@eyJkeW5hbWljIjp0cnVlLCJjb250ZW50IjoicG9zdF90aXRsZSIsInNldHRpbmdzIjp7ImJlZm9yZSI6IjxoMT4iLCJhZnRlciI6IjwvaDE+In19@[\/et_pb_text][\/et_pb_column][\/et_pb_row][\/et_pb_section][et_pb_section fb_built=&#8220;1&#8243; admin_label=&#8220;Inhalt&#8220; _builder_version=&#8220;4.24.0&#8243; _module_preset=&#8220;default&#8220; background_image=&#8220;https:\/\/www.camping-freiburg.de\/wp-content\/uploads\/2024\/02\/Camping_Hirzberg_2024_BG_hell.svg&#8220; background_size=&#8220;custom&#8220; background_image_width=&#8220;32%&#8220; background_position=&#8220;top_right&#8220; background_horizontal_offset=&#8220;-14%&#8220; background_vertical_offset=&#8220;3%&#8220; custom_padding=&#8220;||100px|||&#8220; global_colors_info=&#8220;{}&#8220;][et_pb_row column_structure=&#8220;3_5,2_5&#8243; _builder_version=&#8220;4.24.0&#8243; _module_preset=&#8220;default&#8220; custom_padding=&#8220;||12px|||&#8220; global_colors_info=&#8220;{}&#8220;][et_pb_column type=&#8220;3_5&#8243; _builder_version=&#8220;4.24.0&#8243; _module_preset=&#8220;default&#8220; global_colors_info=&#8220;{}&#8220;][et_pb_text _builder_version=&#8220;4.27.4&#8243; _module_preset=&#8220;default&#8220; custom_margin=&#8220;||2px||false|false&#8220; global_colors_info=&#8220;{}&#8220;]<\/p>\n<h3>Wir suchen dich<\/h3>\n<p>[\/et_pb_text][et_pb_text _builder_version=&#8220;4.27.4&#8243; _module_preset=&#8220;735f98ea-55df-4664-8c7a-4e89e91fcf18&#8243; header_font=&#8220;|||on|||||&#8220; header_text_color=&#8220;#7A6855&#8243; header_2_font=&#8220;|700|||||||&#8220; header_2_text_align=&#8220;left&#8220; header_2_text_color=&#8220;#7A6855&#8243; custom_margin=&#8220;||20px||false|false&#8220; global_colors_info=&#8220;{}&#8220;]<\/p>\n<h2>Komm in unser Team!<\/h2>\n<p>[\/et_pb_text][et_pb_divider _builder_version=&#8220;4.24.0&#8243; _module_preset=&#8220;default&#8220; module_alignment=&#8220;left&#8220; global_colors_info=&#8220;{}&#8220;][\/et_pb_divider][\/et_pb_column][et_pb_column type=&#8220;2_5&#8243; _builder_version=&#8220;4.24.0&#8243; _module_preset=&#8220;default&#8220; global_colors_info=&#8220;{}&#8220;][et_pb_button button_url=&#8220;mailto:anfrage@freiburg-camping.de&#8220; button_text=&#8220;Jetzt bewerben&#8220; button_alignment=&#8220;right&#8220; _builder_version=&#8220;4.27.3&#8243; _module_preset=&#8220;792f4e59-0a44-4eba-b988-d5fc19e702ee&#8220; custom_button=&#8220;off&#8220; global_colors_info=&#8220;{}&#8220;][\/et_pb_button][\/et_pb_column][\/et_pb_row][et_pb_row column_structure=&#8220;3_4,1_4&#8243; _builder_version=&#8220;4.24.0&#8243; _module_preset=&#8220;default&#8220; custom_padding=&#8220;10px|||||&#8220; global_colors_info=&#8220;{}&#8220;][et_pb_column type=&#8220;3_4&#8243; _builder_version=&#8220;4.24.0&#8243; _module_preset=&#8220;default&#8220; global_colors_info=&#8220;{}&#8220;][et_pb_text _builder_version=&#8220;4.27.4&#8243; _module_preset=&#8220;default&#8220; global_colors_info=&#8220;{}&#8220;]<\/p>\n<p><strong>Arbeitsplatz? Campingplatz!<\/strong><\/p>\n<p>Der Hirzberg l\u00e4uft nicht von allein \u2013 obwohl, manchmal f\u00fchlt es sich fast so an. Das liegt an einem kleinen, starken Team, das daf\u00fcr sorgt, dass aus einem Campingplatz ein richtig guter Ort wird.<\/p>\n<p>Ob Fr\u00fchschicht, Sp\u00e4tschicht oder alles dazwischen:<br \/>Wir suchen immer wieder Leute, die mithelfen \u2013 bei allem, was anf\u00e4llt.<\/p>\n<p>Wenn du dich angesprochen f\u00fchlst, melde dich.<br \/>Und falls gerade nichts frei ist, merken wir dich vor.<\/p>\n<p>[\/et_pb_text][\/et_pb_column][et_pb_column type=&#8220;1_4&#8243; _builder_version=&#8220;4.24.0&#8243; _module_preset=&#8220;default&#8220; global_colors_info=&#8220;{}&#8220;][\/et_pb_column][\/et_pb_row][et_pb_row column_structure=&#8220;1_2,1_2&#8243; _builder_version=&#8220;4.24.0&#8243; _module_preset=&#8220;default&#8220; custom_padding=&#8220;||8px|||&#8220; global_colors_info=&#8220;{}&#8220;][et_pb_column type=&#8220;1_2&#8243; _builder_version=&#8220;4.24.0&#8243; _module_preset=&#8220;default&#8220; global_colors_info=&#8220;{}&#8220;][et_pb_text _builder_version=&#8220;4.24.0&#8243; _module_preset=&#8220;default&#8220; global_colors_info=&#8220;{}&#8220;]<\/p>\n<h2>Platzwart (m\/w\/d)<\/h2>\n<p>[\/et_pb_text][et_pb_text _builder_version=&#8220;4.24.0&#8243; _module_preset=&#8220;default&#8220; global_colors_info=&#8220;{}&#8220;]f\u00fcr die Zeit zwischen M\u00e4rz bis Ende September (oder nach Vereinbarung). Hauptaufgaben: Einweisung der G\u00e4ste bei Anreise, Ansprechpartner der G\u00e4ste w\u00e4hrend des Aufenthaltes, Pflege und Instandsetzung von Sanit\u00e4ranlagen und Mietobjekten, kleinere Reparaturen, Pflege der Au\u00dfenfl\u00e4chen und Durchsetzen der Ruhe\/Ordnung auf dem Platz. Bei Bedarf und Eignung k\u00f6nnen weitere Aufgaben hinzukommen.[\/et_pb_text][et_pb_text _builder_version=&#8220;4.24.0&#8243; _module_preset=&#8220;default&#8220; custom_margin=&#8220;80px||12px||false|false&#8220; global_colors_info=&#8220;{}&#8220;]<\/p>\n<h2>Reinigungs-\/Servicekraft (m\/w\/d)<\/h2>\n<p>[\/et_pb_text][et_pb_text _builder_version=&#8220;4.24.0&#8243; _module_preset=&#8220;default&#8220; global_colors_info=&#8220;{}&#8220;]f\u00fcr die Zeit zwischen M\u00e4rz bis Ende September (oder nach Vereinbarung). Hauptaufgaben: Vorbereitung und Pflege der Mietunterk\u00fcnfte f\u00fcr An- und Abreisen, Pflege des Sanit\u00e4rbereichs. Zudem bei Bedarf Unterst\u00fctzung des Teams bei allt\u00e4glichen Aufgaben auf dem Platz.[\/et_pb_text][et_pb_text _builder_version=&#8220;4.24.0&#8243; _module_preset=&#8220;default&#8220; custom_margin=&#8220;80px||12px||false|false&#8220; global_colors_info=&#8220;{}&#8220;]<\/p>\n<h2>Aushilfskr\u00e4fte (m\/w\/d)<\/h2>\n<p>[\/et_pb_text][et_pb_text _builder_version=&#8220;4.24.0&#8243; _module_preset=&#8220;default&#8220; global_colors_info=&#8220;{}&#8220;]auf Minijob-Basis f\u00fcr die Hauptsaison zwischen Juni bis Ende September (mindestens drei Monate am St\u00fcck) als Allrounder zur Unterst\u00fctzung des Teams bei allt\u00e4glichen Aufgaben wie z.B. Rezeptions-, Service- und Platzarbeiten.[\/et_pb_text][et_pb_image src=&#8220;https:\/\/www.camping-freiburg.de\/wp-content\/uploads\/2024\/02\/20210722-4984.jpg&#8220; title_text=&#8220;20210722-4984&#8243; _builder_version=&#8220;4.24.0&#8243; _module_preset=&#8220;default&#8220; custom_margin=&#8220;60px||||false|false&#8220; custom_padding=&#8220;||||false|false&#8220; border_width_bottom=&#8220;6px&#8220; border_color_bottom=&#8220;#ABCFAB&#8220; global_colors_info=&#8220;{}&#8220;][\/et_pb_image][\/et_pb_column][et_pb_column type=&#8220;1_2&#8243; _builder_version=&#8220;4.24.0&#8243; _module_preset=&#8220;default&#8220; global_colors_info=&#8220;{}&#8220;][et_pb_image src=&#8220;https:\/\/www.camping-freiburg.de\/wp-content\/uploads\/2024\/02\/20210722-4981-1024&#215;683.jpg&#8220; title_text=&#8220;20210722-4981&#8243; show_in_lightbox=&#8220;on&#8220; _builder_version=&#8220;4.24.0&#8243; _module_preset=&#8220;default&#8220; border_width_bottom=&#8220;6px&#8220; border_color_bottom=&#8220;#ABCFAB&#8220; global_colors_info=&#8220;{}&#8220;][\/et_pb_image][et_pb_text _builder_version=&#8220;4.27.4&#8243; _module_preset=&#8220;default&#8220; custom_margin=&#8220;62px||12px||false|false&#8220; global_colors_info=&#8220;{}&#8220;]<\/p>\n<p><strong>F\u00fcr alle Positionen w\u00fcnschen wir uns folgendes Profil:<\/strong><\/p>\n<p>Hilfsbereite Art, Hands-on-Mentalit\u00e4t, Freude am Umgang mit Menschen, Englischkenntnisse sind von Vorteil. Arbeit an Wochenenden, Ferien und in der Hauptsaison auch bis 21 Uhr sind in einem touristischen Unternehmen selbstverst\u00e4ndlich f\u00fcr Dich.<\/p>\n<p><strong>Wir bieten:<\/strong> ggf. Unterk\u00fcnfte, Mitarbeiter-Rabatt auf Produkte im Kiosk, leistungsgerechte Bezahlung, ein harmonisches Arbeitsumfeld, sehr nette &amp; hilfsbereite Kollegen, interessante &amp; vielf\u00e4ltige Aufgaben und einen wertsch\u00e4tzenden Umgang miteinander.<\/p>\n<p>[\/et_pb_text][et_pb_text _builder_version=&#8220;4.27.4&#8243; _module_preset=&#8220;default&#8220; global_colors_info=&#8220;{}&#8220;]<\/p>\n<p>Bei Interesse stelle Dich bitte zun\u00e4chst per <strong>E-Mail mit Foto &amp; Lebenslauf<\/strong> vor und berichte uns kurz von Deinen Erfahrungen, Anforderungen &amp; Interessen.<\/p>\n<p><strong>Wir freuen uns darauf, von Dir zu h\u00f6ren.<\/strong><\/p>\n<p>[\/et_pb_text][et_pb_button button_url=&#8220;mailto:anfrage@freiburg-camping.de&#8220; button_text=&#8220;Jetzt bewerben&#8220; button_alignment=&#8220;left&#8220; _builder_version=&#8220;4.27.3&#8243; _module_preset=&#8220;792f4e59-0a44-4eba-b988-d5fc19e702ee&#8220; custom_button=&#8220;off&#8220; custom_margin=&#8220;45px||45px||true|false&#8220; hover_enabled=&#8220;0&#8243; global_colors_info=&#8220;{}&#8220; sticky_enabled=&#8220;0&#8243;][\/et_pb_button][\/et_pb_column][\/et_pb_row][et_pb_row column_structure=&#8220;3_5,2_5&#8243; _builder_version=&#8220;4.24.0&#8243; _module_preset=&#8220;default&#8220; custom_padding=&#8220;||8px|||&#8220; global_colors_info=&#8220;{}&#8220;][et_pb_column type=&#8220;3_5&#8243; _builder_version=&#8220;4.24.0&#8243; _module_preset=&#8220;default&#8220; global_colors_info=&#8220;{}&#8220;][\/et_pb_column][et_pb_column type=&#8220;2_5&#8243; _builder_version=&#8220;4.24.0&#8243; _module_preset=&#8220;default&#8220; global_colors_info=&#8220;{}&#8220;][\/et_pb_column][\/et_pb_row][\/et_pb_section]<\/p>\n","protected":false},"excerpt":{"rendered":"<p>Wir suchen dichKomm in unser Team!Arbeitsplatz? Campingplatz! Der Hirzberg l\u00e4uft nicht von allein \u2013 obwohl, manchmal f\u00fchlt es sich fast so an. Das liegt an einem kleinen, starken Team, das daf\u00fcr sorgt, dass aus einem Campingplatz ein richtig guter Ort wird. Ob Fr\u00fchschicht, Sp\u00e4tschicht oder alles dazwischen:Wir suchen immer wieder Leute, die mithelfen \u2013 bei [&hellip;]<\/p>\n","protected":false},"author":1,"featured_media":0,"parent":0,"menu_order":0,"comment_status":"closed","ping_status":"closed","template":"","meta":{"_et_pb_use_builder":"on","_et_pb_old_content":"","_et_gb_content_width":"","inline_featured_image":false,"footnotes":""},"class_list":["post-25445","page","type-page","status-publish","hentry"],"_links":{"self":[{"href":"https:\/\/www.camping-freiburg.de\/en\/wp-json\/wp\/v2\/pages\/25445","targetHints":{"allow":["GET"]}}],"collection":[{"href":"https:\/\/www.camping-freiburg.de\/en\/wp-json\/wp\/v2\/pages"}],"about":[{"href":"https:\/\/www.camping-freiburg.de\/en\/wp-json\/wp\/v2\/types\/page"}],"author":[{"embeddable":true,"href":"https:\/\/www.camping-freiburg.de\/en\/wp-json\/wp\/v2\/users\/1"}],"replies":[{"embeddable":true,"href":"https:\/\/www.camping-freiburg.de\/en\/wp-json\/wp\/v2\/comments?post=25445"}],"version-history":[{"count":0,"href":"https:\/\/www.camping-freiburg.de\/en\/wp-json\/wp\/v2\/pages\/25445\/revisions"}],"wp:attachment":[{"href":"https:\/\/www.camping-freiburg.de\/en\/wp-json\/wp\/v2\/media?parent=25445"}],"curies":[{"name":"wp","href":"https:\/\/api.w.org\/{rel}","templated":true}]}}