{"id":25554,"date":"2024-02-22T12:16:18","date_gmt":"2024-02-22T11:16:18","guid":{"rendered":"https:\/\/new.freiburg-camping.de\/?page_id=25554"},"modified":"2026-02-25T16:28:49","modified_gmt":"2026-02-25T15:28:49","slug":"reservation","status":"publish","type":"page","link":"https:\/\/www.camping-freiburg.de\/en\/reservierung\/","title":{"rendered":"Enquiry"},"content":{"rendered":"<p>[et_pb_section fb_built=&#8220;1&#8243; _builder_version=&#8220;4.27.3&#8243; _module_preset=&#8220;default&#8220; background_image=&#8220;https:\/\/www.camping-freiburg.de\/wp-content\/uploads\/2024\/02\/20210722-4976.jpg&#8220; background_position=&#8220;top_left&#8220; da_disable_devices=&#8220;off|off|off&#8220; border_width_bottom=&#8220;6px&#8220; border_color_bottom=&#8220;#7A6855&#8243; box_shadow_style=&#8220;preset3&#8243; global_colors_info=&#8220;{}&#8220; da_is_popup=&#8220;off&#8220; da_exit_intent=&#8220;off&#8220; da_has_close=&#8220;on&#8220; da_alt_close=&#8220;off&#8220; da_dark_close=&#8220;off&#8220; da_not_modal=&#8220;on&#8220; da_is_singular=&#8220;off&#8220; da_with_loader=&#8220;off&#8220; da_has_shadow=&#8220;on&#8220;][et_pb_row _builder_version=&#8220;4.24.0&#8243; _module_preset=&#8220;default&#8220; global_colors_info=&#8220;{}&#8220;][et_pb_column type=&#8220;4_4&#8243; _builder_version=&#8220;4.24.0&#8243; _module_preset=&#8220;default&#8220; global_colors_info=&#8220;{}&#8220;][et_pb_text _builder_version=&#8220;4.27.3&#8243; _dynamic_attributes=&#8220;content&#8220; _module_preset=&#8220;default&#8220; header_text_align=&#8220;center&#8220; header_text_color=&#8220;#FFFFFF&#8220; header_font_size=&#8220;51px&#8220; header_font_size_tablet=&#8220;51px&#8220; header_font_size_phone=&#8220;32px&#8220; header_font_size_last_edited=&#8220;on|phone&#8220; global_colors_info=&#8220;{}&#8220;]@ET-DC@eyJkeW5hbWljIjp0cnVlLCJjb250ZW50IjoicG9zdF90aXRsZSIsInNldHRpbmdzIjp7ImJlZm9yZSI6IjxoMT4iLCJhZnRlciI6IjwvaDE+In19@[\/et_pb_text][\/et_pb_column][\/et_pb_row][\/et_pb_section][et_pb_section fb_built=&#8220;1&#8243; admin_label=&#8220;Inhalt&#8220; _builder_version=&#8220;4.24.0&#8243; _module_preset=&#8220;default&#8220; background_image=&#8220;https:\/\/www.camping-freiburg.de\/wp-content\/uploads\/2024\/02\/Camping_Hirzberg_2024_BG_hell.svg&#8220; background_size=&#8220;custom&#8220; background_image_width=&#8220;32%&#8220; background_position=&#8220;top_right&#8220; background_horizontal_offset=&#8220;-14%&#8220; background_vertical_offset=&#8220;3%&#8220; min_height=&#8220;3322px&#8220; da_disable_devices=&#8220;off|off|off&#8220; global_colors_info=&#8220;{}&#8220; da_is_popup=&#8220;off&#8220; da_exit_intent=&#8220;off&#8220; da_has_close=&#8220;on&#8220; da_alt_close=&#8220;off&#8220; da_dark_close=&#8220;off&#8220; da_not_modal=&#8220;on&#8220; da_is_singular=&#8220;off&#8220; da_with_loader=&#8220;off&#8220; da_has_shadow=&#8220;on&#8220;][et_pb_row column_structure=&#8220;1_2,1_2&#8243; _builder_version=&#8220;4.24.0&#8243; _module_preset=&#8220;default&#8220; custom_padding=&#8220;||12px|||&#8220; global_colors_info=&#8220;{}&#8220;][et_pb_column type=&#8220;1_2&#8243; _builder_version=&#8220;4.24.0&#8243; _module_preset=&#8220;default&#8220; global_colors_info=&#8220;{}&#8220;][et_pb_text _builder_version=&#8220;4.27.4&#8243; _module_preset=&#8220;default&#8220; custom_margin=&#8220;||2px||false|false&#8220; global_colors_info=&#8220;{}&#8220;]<\/p>\n<h3>Anfragen \u2013 wie\u2019s l\u00e4uft<\/h3>\n<p>[\/et_pb_text][et_pb_text _builder_version=&#8220;4.27.4&#8243; _module_preset=&#8220;735f98ea-55df-4664-8c7a-4e89e91fcf18&#8243; header_font=&#8220;|||on|||||&#8220; header_text_color=&#8220;#7A6855&#8243; header_2_font=&#8220;|700|||||||&#8220; header_2_text_align=&#8220;left&#8220; header_2_text_color=&#8220;#7A6855&#8243; custom_margin=&#8220;||20px||false|false&#8220; global_colors_info=&#8220;{}&#8220;]<\/p>\n<h2>Anfragen<\/h2>\n<p>[\/et_pb_text][et_pb_divider _builder_version=&#8220;4.24.0&#8243; _module_preset=&#8220;default&#8220; module_alignment=&#8220;left&#8220; global_colors_info=&#8220;{}&#8220;][\/et_pb_divider][\/et_pb_column][et_pb_column type=&#8220;1_2&#8243; module_class=&#8220;camp-inline-buttons&#8220; _builder_version=&#8220;4.24.0&#8243; _module_preset=&#8220;default&#8220; global_colors_info=&#8220;{}&#8220;][\/et_pb_column][\/et_pb_row][et_pb_row column_structure=&#8220;2_5,3_5&#8243; _builder_version=&#8220;4.27.3&#8243; _module_preset=&#8220;default&#8220; module_alignment=&#8220;center&#8220; min_height=&#8220;3003px&#8220; custom_margin=&#8220;|auto|80px|auto||&#8220; custom_padding=&#8220;3px|||||&#8220; global_colors_info=&#8220;{}&#8220;][et_pb_column type=&#8220;2_5&#8243; module_class=&#8220;camp-inline-buttons&#8220; _builder_version=&#8220;4.27.3&#8243; _module_preset=&#8220;default&#8220; global_colors_info=&#8220;{}&#8220;][et_pb_text _builder_version=&#8220;4.27.5&#8243; _module_preset=&#8220;default&#8220; link_text_color=&#8220;#7A6855&#8243; custom_padding=&#8220;12px||33px|||&#8220; global_colors_info=&#8220;{}&#8220;]<\/p>\n<h4><strong>Eine Anfrage ist noch keine Buchung \u2013 das nur vorweg.<\/strong><\/h4>\n<p>Weil unser Platz klein und pers\u00f6nlich gef\u00fchrt ist, schauen wir bei jeder Anfrage individuell, ob und wie es passt: Was ist verf\u00fcgbar? Wie f\u00fcgt es sich ins Ganze? Kurz: Wir pr\u00fcfen, bevor wir einen Platz vergeben.\u00a0<\/p>\n<p><strong>So geht\u2019s: Formular ausf\u00fcllen \u2192 Wir pr\u00fcfen \u2192 Ihr bekommt ein Angebot \u2192 Ihr best\u00e4tigt \u2192 Wir schicken die Buchungsbest\u00e4tigung. <\/strong><\/p>\n<p><strong>Dann ist der Platz verbindlich reserviert.<\/strong><\/p>\n<p><strong>Hinweis:<\/strong> Wenn ihr nach ein paar Tagen keine R\u00fcckmeldung erhaltet, lohnt sich ein Blick in euren <strong>Spam-Ordner<\/strong>.<\/p>\n<p><strong>Telefonische Buchungen sind nur am Anreisetag\u00a0 m\u00f6glich<\/strong> \u2013 f\u00fcr spontane G\u00e4ste gilt: gerne am geplanten Anreisetag gegen 11.00 Uhr telefonisch nach freien Pl\u00e4tzen fragen. Wenns passt, passt!<\/p>\n<p>[\/et_pb_text][et_pb_accordion open_toggle_text_color=&#8220;#7A6855&#8243; open_toggle_background_color=&#8220;#FFFFFF&#8220; closed_toggle_background_color=&#8220;rgba(215,208,200,0.21)&#8220; toggle_icon=&#8220;&#x43;||divi||400&#8243; icon_color=&#8220;#7A6855&#8243; use_icon_font_size=&#8220;on&#8220; icon_font_size=&#8220;25px&#8220; _builder_version=&#8220;4.27.5&#8243; _module_preset=&#8220;default&#8220; toggle_text_color=&#8220;#7A6855&#8243; toggle_level=&#8220;h4&#8243; closed_toggle_font=&#8220;||||||||&#8220; body_font_size=&#8220;15px&#8220; custom_margin=&#8220;30px||66px||false|false&#8220; custom_padding=&#8220;||||false|false&#8220; hover_enabled=&#8220;0&#8243; custom_css_toggle=&#8220;margin-bottom:14px;||padding:16px;&#8220; border_radii=&#8220;on|12px|12px|12px|12px&#8220; box_shadow_style=&#8220;preset3&#8243; box_shadow_vertical=&#8220;10px&#8220; box_shadow_blur=&#8220;10px&#8220; box_shadow_color=&#8220;#F1EFEC&#8220; global_colors_info=&#8220;{}&#8220; open_toggle_background_color__hover_enabled=&#8220;on|desktop&#8220; open_toggle_background_color__hover=&#8220;rgba(241,239,236,0.27)&#8220; sticky_enabled=&#8220;0&#8243;][et_pb_accordion_item title=&#8220;Reservierungsbedingungen&#8220; open=&#8220;on&#8220; _builder_version=&#8220;4.27.5&#8243; _module_preset=&#8220;default&#8220; body_link_text_color=&#8220;#7A6855&#8243; hover_enabled=&#8220;0&#8243; global_colors_info=&#8220;{}&#8220; sticky_enabled=&#8220;0&#8243;]<\/p>\n<p>Reservierungen sind von <strong>Anfang November bis Ende Februar ab 2 N\u00e4chten<\/strong> m\u00f6glich.<\/p>\n<p>Von <strong>Anfang M\u00e4rz bis Ende Oktober<\/strong>\u00a0ab 3 N\u00e4chten.<br \/>K\u00fcrzere Aufenthalte, sofern \u00fcberhaupt m\u00f6glich, kosten einen einmaligen Aufpreis von 15 \u20ac.<\/p>\n<p>Anreisen k\u00f6nnt ihr t\u00e4glich \u2013 die genaue Uhrzeit steht in der Reservierungsbest\u00e4tigung.<\/p>\n<p>[\/et_pb_accordion_item][et_pb_accordion_item title=&#8220;Zeltreservierungen&#8220; _builder_version=&#8220;4.27.5&#8243; _module_preset=&#8220;default&#8220; body_link_text_color=&#8220;#7A6855&#8243; global_colors_info=&#8220;{}&#8220; open=&#8220;off&#8220;]<\/p>\n<p>Bitte gebt bei eurer Anfrage das Au\u00dfenma\u00df eures Zeltes an.<br \/>Ein paar kostenfreie Parkpl\u00e4tze am Eingang gibt\u2019s f\u00fcr Zeltg\u00e4ste, aber nur in sehr begrenzter Anzahl \u2013 dauerhaftes Parken ist deshalb nicht m\u00f6glich.<br \/>Zum Be- und Entladen k\u00f6nnt ihr nat\u00fcrlich bis ans Zelt fahren. Auf der Zeltwiese und den Zeltetagen k\u00f6nnt ihr leider nicht parken.<\/p>\n<p><strong>Tipp:<\/strong> Wer mit \u00d6ffentlichen Verkehrsmitteln anreist, macht sich das Leben leichter.<\/p>\n<p>[\/et_pb_accordion_item][et_pb_accordion_item title=&#8220;Mieteinheiten&#8220; _builder_version=&#8220;4.27.5&#8243; _module_preset=&#8220;default&#8220; global_colors_info=&#8220;{}&#8220; open=&#8220;off&#8220;]<\/p>\n<p>Mieteinheiten (Mieth\u00fctten und -zelte sowie Mietwohnwagen) <strong>sind in 2026 keine verf\u00fcgbar.<\/strong><\/p>\n<p>[\/et_pb_accordion_item][et_pb_accordion_item title=&#8220;Gruppenanfragen&#8220; _builder_version=&#8220;4.27.5&#8243; _module_preset=&#8220;default&#8220; global_colors_info=&#8220;{}&#8220; open=&#8220;off&#8220;]<\/p>\n<p>Bitte schreibt uns per Mail<br \/><strong><a href=\"mailto:anfrage@freiburg-camping.de\">anfrage@freiburg-camping.de <\/a><\/strong>und<br \/>gebt Folgendes an:<\/p>\n<ul>\n<li>Anzahl, Alter &amp; Art der Gruppe<\/li>\n<li>Eine Kontaktperson<\/li>\n<li>Zeiten, zu denen ihr gut erreichbar seid<\/li>\n<\/ul>\n<p><strong>Hinweis:<\/strong> Unser Platz ist ruhig, klein und pers\u00f6nlich. Gruppen sind herzlich Willkommen nur\u00a0 \u2013 f\u00fcr Partys oder Junggesell(inn)enabschiede gibt\u2019s bessere Orte.<\/p>\n<p><strong>Danke f\u00fcrs Verst\u00e4ndnis!<\/strong><\/p>\n<p>[\/et_pb_accordion_item][et_pb_accordion_item title=&#8220;ACSI-Karte&#8220; _builder_version=&#8220;4.27.5&#8243; _module_preset=&#8220;default&#8220; global_colors_info=&#8220;{}&#8220; open=&#8220;off&#8220;]<\/p>\n<p>Wenn ihr eine ACSI-Karte besitzt, gebt das bitte bei der Anfrage mit an.<br \/>Das hilft bei der Einordnung.\u00a0<\/p>\n<p>Die aktuellen Akzeptanz-Zeiten findet man unter: <a href=\"https:\/\/www.campingcard.com\/de\/deutschland\/baden-wurttemberg\/freiburg-im-breisgau\/freiburg-camping-hirzberg-108809\/\" target=\"_blank\" rel=\"noopener\">https:\/\/www.campingcard.com\/de\/deutschland\/baden-wurttemberg\/freiburg-im-breisgau\/freiburg-camping-hirzberg-108809\/<\/a><\/p>\n<p>[\/et_pb_accordion_item][et_pb_accordion_item title=&#8220;Parken &#038; Anreise&#8220; _builder_version=&#8220;4.27.4&#8243; _module_preset=&#8220;default&#8220; global_colors_info=&#8220;{}&#8220; open=&#8220;off&#8220;]<\/p>\n<p><strong>Parken auf dem Platz? Leider nein.<br \/><\/strong>Zum Abladen k\u00f6nnt ihr kurz vorfahren, danach stehen kostenfreie Parkpl\u00e4tze an der Stra\u00dfe vor dem Eingang zur Verf\u00fcgung \u2013 sofern frei.<br \/>Wir empfehlen die Anreise mit \u00f6ffentlichen Verkehrsmitteln.<\/p>\n<p><strong>Mit Zug &amp; Stra\u00dfenbahn<br \/><\/strong>Vom Hauptbahnhof in die Linie 1 Richtung Littenweiler \u2013 zehn Minuten sp\u00e4ter: Haltestelle Musikhochschule. Durch die Unterf\u00fchrung, links, immer der Nase nach bis zur Dreisam, \u00fcber den Max-M\u00fcller-Steg, weiter bis zur Kart\u00e4userstra\u00dfe. Nach links abbiegen, nach rund 30 Metern steht man vorm Eingang.<strong><br \/><\/strong><strong><\/strong><\/p>\n<p><strong>Mit dem Auto (A5, Ausfahrt Freiburg-Mitte)<\/strong><br \/>F\u00fcr Wohnmobile und Wohnwagen empfehlenswerter als das Navi: Von Ausfahrt Freiburg-Mitte Richtung Innenstadt\/Titisee fahren, dann weiter Richtung Ebnet \/ Stadien. Links einordnen, bitte nicht in den Tunnel. Den Schildern zu Hirzberg Camping folgen. Beim Sandfangweg (Sport Kiefer) links abbiegen und weiter der Beschilderung folgen.<\/p>\n<p><strong>Vom Schwarzwald (B31)<\/strong><br \/>Vor dem Stadttunnel Freiburg die Ausfahrt Kappel\/Littenweiler nehmen. Ab dort einfach den Schildern zu Hirzberg Camping folgen.<\/p>\n<p>[\/et_pb_accordion_item][\/et_pb_accordion][et_pb_button button_url=&#8220;\/preise&#8220; button_text=&#8220;Preisliste&#8220; button_alignment=&#8220;right&#8220; _builder_version=&#8220;4.24.0&#8243; _module_preset=&#8220;9ef88cd1-7b27-4008-beda-258a09a4a129&#8243; button_border_radius=&#8220;100px&#8220; custom_padding=&#8220;6px|18px|6px|18px|false|true&#8220; locked=&#8220;off&#8220; global_colors_info=&#8220;{}&#8220; button_bg_color__hover=&#8220;#ABCFAB&#8220; button_bg_enable_color__hover=&#8220;on&#8220;][\/et_pb_button][\/et_pb_column][et_pb_column type=&#8220;3_5&#8243; _builder_version=&#8220;4.27.3&#8243; _module_preset=&#8220;default&#8220; global_colors_info=&#8220;{}&#8220;][et_pb_code module_id=&#8220;formular-anfrage&#8220; module_class=&#8220;formular-anfrage&#8220; _builder_version=&#8220;4.27.5&#8243; _module_preset=&#8220;default&#8220; min_height=&#8220;2891.5px&#8220; custom_margin=&#8220;||43px||false|false&#8220; custom_padding=&#8220;0px||0px||false|false&#8220; border_radii=&#8220;on|10px|10px|10px|10px&#8220; border_width_all=&#8220;1px&#8220; border_color_all=&#8220;#F1EFEC&#8220; global_colors_info=&#8220;{}&#8220;]<iframe src=\"https:\/\/campbuchung.de\/anfrage\/10024\/\" width=\"100%\"<!-- [et_pb_line_break_holder] -->height=&#8220;3500px&#8220; scrolling=&#8220;auto&#8220; frameborder=&#8220;0&#8243; id=&#8220;frame-buchung&#8220; title=&#8220;Buchungsanfrage&#8220;><!-- [et_pb_line_break_holder] --> Ihr Webbrowser unterst\u00fctzt keine Inline-Frames!<!-- [et_pb_line_break_holder] --><\/iframe><!-- [et_pb_line_break_holder] -->[\/et_pb_code][\/et_pb_column][\/et_pb_row][\/et_pb_section]<\/p>\n","protected":false},"excerpt":{"rendered":"<p>Anfragen \u2013 wie\u2019s l\u00e4uftAnfragenEine Anfrage ist noch keine Buchung \u2013 das nur vorweg. Weil unser Platz klein und pers\u00f6nlich gef\u00fchrt ist, schauen wir bei jeder Anfrage individuell, ob und wie es passt: Was ist verf\u00fcgbar? Wie f\u00fcgt es sich ins Ganze? Kurz: Wir pr\u00fcfen, bevor wir einen Platz vergeben.\u00a0 So geht\u2019s: Formular ausf\u00fcllen \u2192 Wir [&hellip;]<\/p>\n","protected":false},"author":1,"featured_media":0,"parent":0,"menu_order":0,"comment_status":"closed","ping_status":"closed","template":"","meta":{"_et_pb_use_builder":"on","_et_pb_old_content":"","_et_gb_content_width":"","inline_featured_image":false,"footnotes":""},"class_list":["post-25554","page","type-page","status-publish","hentry"],"_links":{"self":[{"href":"https:\/\/www.camping-freiburg.de\/en\/wp-json\/wp\/v2\/pages\/25554","targetHints":{"allow":["GET"]}}],"collection":[{"href":"https:\/\/www.camping-freiburg.de\/en\/wp-json\/wp\/v2\/pages"}],"about":[{"href":"https:\/\/www.camping-freiburg.de\/en\/wp-json\/wp\/v2\/types\/page"}],"author":[{"embeddable":true,"href":"https:\/\/www.camping-freiburg.de\/en\/wp-json\/wp\/v2\/users\/1"}],"replies":[{"embeddable":true,"href":"https:\/\/www.camping-freiburg.de\/en\/wp-json\/wp\/v2\/comments?post=25554"}],"version-history":[{"count":0,"href":"https:\/\/www.camping-freiburg.de\/en\/wp-json\/wp\/v2\/pages\/25554\/revisions"}],"wp:attachment":[{"href":"https:\/\/www.camping-freiburg.de\/en\/wp-json\/wp\/v2\/media?parent=25554"}],"curies":[{"name":"wp","href":"https:\/\/api.w.org\/{rel}","templated":true}]}}