{"id":25933,"date":"2024-11-15T06:04:14","date_gmt":"2024-11-15T05:04:14","guid":{"rendered":"https:\/\/www.camping-freiburg.de\/?page_id=25933"},"modified":"2026-03-04T18:20:04","modified_gmt":"2026-03-04T17:20:04","slug":"good-to-know","status":"publish","type":"page","link":"https:\/\/www.camping-freiburg.de\/en\/good-to-know\/","title":{"rendered":"Good to know"},"content":{"rendered":"<p>[et_pb_section fb_built=&#8220;1&#8243; _builder_version=&#8220;4.27.3&#8243; _module_preset=&#8220;default&#8220; background_image=&#8220;https:\/\/www.camping-freiburg.de\/wp-content\/uploads\/2024\/11\/Camping-Hirzberg-Freiburg-152.jpg&#8220; da_disable_devices=&#8220;off|off|off&#8220; border_width_bottom=&#8220;6px&#8220; border_color_bottom=&#8220;#7A6855&#8243; box_shadow_style=&#8220;preset3&#8243; global_colors_info=&#8220;{}&#8220; da_is_popup=&#8220;off&#8220; da_exit_intent=&#8220;off&#8220; da_has_close=&#8220;on&#8220; da_alt_close=&#8220;off&#8220; da_dark_close=&#8220;off&#8220; da_not_modal=&#8220;on&#8220; da_is_singular=&#8220;off&#8220; da_with_loader=&#8220;off&#8220; da_has_shadow=&#8220;on&#8220;][et_pb_row _builder_version=&#8220;4.24.0&#8243; _module_preset=&#8220;default&#8220; global_colors_info=&#8220;{}&#8220;][et_pb_column type=&#8220;4_4&#8243; _builder_version=&#8220;4.24.0&#8243; _module_preset=&#8220;default&#8220; global_colors_info=&#8220;{}&#8220;][et_pb_text _builder_version=&#8220;4.27.5&#8243; _dynamic_attributes=&#8220;content&#8220; _module_preset=&#8220;default&#8220; header_text_align=&#8220;center&#8220; header_text_color=&#8220;#FFFFFF&#8220; header_font_size=&#8220;51px&#8220; header_font_size_tablet=&#8220;51px&#8220; header_font_size_phone=&#8220;32px&#8220; header_font_size_last_edited=&#8220;on|phone&#8220; global_colors_info=&#8220;{}&#8220;]@ET-DC@eyJkeW5hbWljIjp0cnVlLCJjb250ZW50IjoicG9zdF90aXRsZSIsInNldHRpbmdzIjp7ImJlZm9yZSI6IjxoMT4iLCJhZnRlciI6IjwvaDE+In19@[\/et_pb_text][\/et_pb_column][\/et_pb_row][\/et_pb_section][et_pb_section fb_built=&#8220;1&#8243; admin_label=&#8220;Inhalt&#8220; _builder_version=&#8220;4.24.0&#8243; _module_preset=&#8220;default&#8220; background_image=&#8220;https:\/\/www.camping-freiburg.de\/wp-content\/uploads\/2024\/02\/Camping_Hirzberg_2024_BG_hell.svg&#8220; background_size=&#8220;custom&#8220; background_image_width=&#8220;32%&#8220; background_position=&#8220;top_right&#8220; background_horizontal_offset=&#8220;-14%&#8220; background_vertical_offset=&#8220;3%&#8220; custom_padding=&#8220;||39px|||&#8220; da_disable_devices=&#8220;off|off|off&#8220; global_colors_info=&#8220;{}&#8220; da_is_popup=&#8220;off&#8220; da_exit_intent=&#8220;off&#8220; da_has_close=&#8220;on&#8220; da_alt_close=&#8220;off&#8220; da_dark_close=&#8220;off&#8220; da_not_modal=&#8220;on&#8220; da_is_singular=&#8220;off&#8220; da_with_loader=&#8220;off&#8220; da_has_shadow=&#8220;on&#8220;][et_pb_row column_structure=&#8220;1_2,1_2&#8243; _builder_version=&#8220;4.24.0&#8243; _module_preset=&#8220;default&#8220; custom_padding=&#8220;||12px|||&#8220; global_colors_info=&#8220;{}&#8220;][et_pb_column type=&#8220;1_2&#8243; _builder_version=&#8220;4.24.0&#8243; _module_preset=&#8220;default&#8220; global_colors_info=&#8220;{}&#8220;][et_pb_text _builder_version=&#8220;4.27.4&#8243; _module_preset=&#8220;default&#8220; custom_margin=&#8220;||2px||false|false&#8220; global_colors_info=&#8220;{}&#8220;]<\/p>\n<h3>Auch nur Menschen. Und davon Gute!<\/h3>\n<p>[\/et_pb_text][et_pb_text _builder_version=&#8220;4.27.3&#8243; _module_preset=&#8220;735f98ea-55df-4664-8c7a-4e89e91fcf18&#8243; header_font=&#8220;|||on|||||&#8220; header_text_color=&#8220;#7A6855&#8243; header_2_font=&#8220;|700|||||||&#8220; header_2_text_align=&#8220;left&#8220; header_2_text_color=&#8220;#7A6855&#8243; custom_margin=&#8220;||20px||false|false&#8220; global_colors_info=&#8220;{}&#8220;]<\/p>\n<h2>Camping Hirzberg<\/h2>\n<p>[\/et_pb_text][et_pb_divider _builder_version=&#8220;4.24.0&#8243; _module_preset=&#8220;default&#8220; module_alignment=&#8220;left&#8220; global_colors_info=&#8220;{}&#8220;][\/et_pb_divider][\/et_pb_column][et_pb_column type=&#8220;1_2&#8243; module_class=&#8220;camp-inline-buttons&#8220; _builder_version=&#8220;4.24.0&#8243; _module_preset=&#8220;default&#8220; global_colors_info=&#8220;{}&#8220;][\/et_pb_column][\/et_pb_row][et_pb_row column_structure=&#8220;3_5,2_5&#8243; _builder_version=&#8220;4.24.0&#8243; _module_preset=&#8220;default&#8220; global_colors_info=&#8220;{}&#8220;][et_pb_column type=&#8220;3_5&#8243; module_class=&#8220;camp-inline-buttons&#8220; _builder_version=&#8220;4.24.0&#8243; _module_preset=&#8220;default&#8220; global_colors_info=&#8220;{}&#8220;][et_pb_text _builder_version=&#8220;4.27.4&#8243; _module_preset=&#8220;default&#8220; link_text_color=&#8220;#7A6855&#8243; custom_padding=&#8220;||33px|||&#8220; global_colors_info=&#8220;{}&#8220;]<\/p>\n<h2>Wer ist hier der Boss?<\/h2>\n<p>Gute Frage. Wir w\u00fcrden sagen: jede*r. Wenns darum geht, dass alles geschmeidig l\u00e4uft. Dabei sind wir als Team nat\u00fcrlich Ansprechpartner*innen, organisieren dies und jenes, halten diesen sch\u00f6nen Ort in Schuss und in Ehren und entwickeln ihn weiter.<\/p>\n<p>Das Team \u2013 erkennt man sp\u00e4testens vor Ort. Am Walkie Talkie, am Werkzeugg\u00fcrtel, am Espresso rauslassen, am L\u00f6sungen finden&#8230; Ab dem ersten Handschlag oder Cappuccino, wisst ihr, wer hier weiterhilft.<\/p>\n<p><strong>Und was hei\u00dft das jetzt konkret? <\/strong><strong>Dass man hier nicht lange sucht, wenn was anliegt. Immer jemand da ist, der Bescheid wei\u00df, ein Pl\u00e4tzchen frei macht oder kurz mal mit anpackt. Und von drei Dingen sind wir wirklich \u00fcberzeugt: miteinander reden hilft, entspannt bleiben sowieso und vor allem \u2013 respektvoll.\u00a0<\/strong><strong><\/strong><\/p>\n<p><strong>Wir freuen uns auf euch \u2013 euer Team &#8222;Camping Hirzberg&#8220;!\u00a0<\/strong><\/p>\n<p>[\/et_pb_text][et_pb_button button_url=&#8220;@ET-DC@eyJkeW5hbWljIjp0cnVlLCJjb250ZW50IjoicG9zdF9saW5rX3VybF9wYWdlIiwic2V0dGluZ3MiOnsicG9zdF9pZCI6IjI1NTU0In19@&#8220; button_text=&#8220;Jetzt anfragen&#8220; _builder_version=&#8220;4.27.3&#8243; _dynamic_attributes=&#8220;button_url&#8220; _module_preset=&#8220;9ef88cd1-7b27-4008-beda-258a09a4a129&#8243; button_border_radius=&#8220;100px&#8220; custom_padding=&#8220;6px|18px|6px|18px|false|true&#8220; locked=&#8220;off&#8220; global_colors_info=&#8220;{}&#8220; button_bg_color__hover=&#8220;#ABCFAB&#8220; button_bg_enable_color__hover=&#8220;on&#8220;][\/et_pb_button][\/et_pb_column][et_pb_column type=&#8220;2_5&#8243; _builder_version=&#8220;4.24.0&#8243; _module_preset=&#8220;default&#8220; global_colors_info=&#8220;{}&#8220;][wdcl_image_carousel animation_speed=&#8220;2000ms&#8220; autoplay_speed=&#8220;3000ms&#8220; slide_count=&#8220;1&#8243; is_auto_height=&#8220;on&#8220; custom_cursor=&#8220;on&#8220; arrow_color=&#8220;#7A6855&#8243; arrow_bg=&#8220;#F1EFEC&#8220; pagi_color=&#8220;#7A6855&#8243; pagi_color_active=&#8220;#abcfab&#8220; use_lightbox=&#8220;on&#8220; _builder_version=&#8220;4.27.3&#8243; _module_preset=&#8220;default&#8220; global_colors_info=&#8220;{}&#8220;][wdcl_image_carousel_child admin_title=&#8220;Bild 1&#8243; photo=&#8220;https:\/\/www.camping-freiburg.de\/wp-content\/uploads\/2024\/11\/Camping-Hirzberg-Freiburg-150.jpg&#8220; _builder_version=&#8220;4.27.3&#8243; _module_preset=&#8220;default&#8220; global_colors_info=&#8220;{}&#8220;][\/wdcl_image_carousel_child][wdcl_image_carousel_child admin_title=&#8220;Bild 2&#8243; photo=&#8220;https:\/\/www.camping-freiburg.de\/wp-content\/uploads\/2024\/02\/20210722-4940.jpg&#8220; _builder_version=&#8220;4.27.3&#8243; _module_preset=&#8220;default&#8220; global_colors_info=&#8220;{}&#8220;][\/wdcl_image_carousel_child][wdcl_image_carousel_child admin_title=&#8220;Bild 3&#8243; photo=&#8220;https:\/\/www.camping-freiburg.de\/wp-content\/uploads\/2024\/02\/20210722-4961-1024&#215;683.jpg&#8220; _builder_version=&#8220;4.27.3&#8243; _module_preset=&#8220;default&#8220; global_colors_info=&#8220;{}&#8220;][\/wdcl_image_carousel_child][\/wdcl_image_carousel][\/et_pb_column][\/et_pb_row][\/et_pb_section][et_pb_section fb_built=&#8220;1&#8243; admin_label=&#8220;Inhalt&#8220; _builder_version=&#8220;4.27.4&#8243; _module_preset=&#8220;default&#8220; background_color=&#8220;#F1EFEC&#8220; background_enable_image=&#8220;off&#8220; background_size=&#8220;custom&#8220; background_image_width=&#8220;32%&#8220; background_position=&#8220;top_right&#8220; background_horizontal_offset=&#8220;-14%&#8220; background_vertical_offset=&#8220;3%&#8220; custom_padding=&#8220;||39px|||&#8220; da_disable_devices=&#8220;off|off|off&#8220; global_colors_info=&#8220;{}&#8220; da_is_popup=&#8220;off&#8220; da_exit_intent=&#8220;off&#8220; da_has_close=&#8220;on&#8220; da_alt_close=&#8220;off&#8220; da_dark_close=&#8220;off&#8220; da_not_modal=&#8220;on&#8220; da_is_singular=&#8220;off&#8220; da_with_loader=&#8220;off&#8220; da_has_shadow=&#8220;on&#8220;][et_pb_row column_structure=&#8220;1_2,1_2&#8243; _builder_version=&#8220;4.24.0&#8243; _module_preset=&#8220;default&#8220; custom_padding=&#8220;||12px|||&#8220; global_colors_info=&#8220;{}&#8220;][et_pb_column type=&#8220;1_2&#8243; _builder_version=&#8220;4.24.0&#8243; _module_preset=&#8220;default&#8220; global_colors_info=&#8220;{}&#8220;][et_pb_text _builder_version=&#8220;4.27.4&#8243; _module_preset=&#8220;default&#8220; custom_margin=&#8220;||2px||false|false&#8220; global_colors_info=&#8220;{}&#8220;]<\/p>\n<h3>Good to Know<\/h3>\n<p>[\/et_pb_text][et_pb_text _builder_version=&#8220;4.27.4&#8243; _module_preset=&#8220;735f98ea-55df-4664-8c7a-4e89e91fcf18&#8243; header_font=&#8220;|||on|||||&#8220; header_text_color=&#8220;#7A6855&#8243; header_2_font=&#8220;|700|||||||&#8220; header_2_text_align=&#8220;left&#8220; header_2_text_color=&#8220;#7A6855&#8243; custom_margin=&#8220;||20px||false|false&#8220; global_colors_info=&#8220;{}&#8220;]<\/p>\n<h2>Einfach machen.<\/h2>\n<p>[\/et_pb_text][et_pb_divider _builder_version=&#8220;4.24.0&#8243; _module_preset=&#8220;default&#8220; module_alignment=&#8220;left&#8220; global_colors_info=&#8220;{}&#8220;][\/et_pb_divider][\/et_pb_column][et_pb_column type=&#8220;1_2&#8243; module_class=&#8220;camp-inline-buttons&#8220; _builder_version=&#8220;4.24.0&#8243; _module_preset=&#8220;default&#8220; global_colors_info=&#8220;{}&#8220;][\/et_pb_column][\/et_pb_row][et_pb_row column_structure=&#8220;2_5,3_5&#8243; _builder_version=&#8220;4.24.0&#8243; _module_preset=&#8220;default&#8220; global_colors_info=&#8220;{}&#8220;][et_pb_column type=&#8220;2_5&#8243; module_class=&#8220;camp-inline-buttons&#8220; _builder_version=&#8220;4.24.0&#8243; _module_preset=&#8220;default&#8220; global_colors_info=&#8220;{}&#8220;][wdcl_image_carousel animation_speed=&#8220;2000ms&#8220; autoplay_speed=&#8220;3000ms&#8220; slide_count=&#8220;1&#8243; is_auto_height=&#8220;on&#8220; custom_cursor=&#8220;on&#8220; arrow_color=&#8220;#7A6855&#8243; arrow_bg=&#8220;#F1EFEC&#8220; pagi_color=&#8220;#7A6855&#8243; pagi_color_active=&#8220;#abcfab&#8220; use_lightbox=&#8220;on&#8220; _builder_version=&#8220;4.27.4&#8243; _module_preset=&#8220;default&#8220; global_colors_info=&#8220;{}&#8220;][wdcl_image_carousel_child admin_title=&#8220;Bild 2&#8243; photo=&#8220;https:\/\/www.camping-freiburg.de\/wp-content\/uploads\/2024\/02\/20210722-4940.jpg&#8220; _builder_version=&#8220;4.27.3&#8243; _module_preset=&#8220;default&#8220; global_colors_info=&#8220;{}&#8220;][\/wdcl_image_carousel_child][wdcl_image_carousel_child admin_title=&#8220;Bild 3&#8243; photo=&#8220;https:\/\/www.camping-freiburg.de\/wp-content\/uploads\/2024\/02\/20210722-4961-1024&#215;683.jpg&#8220; _builder_version=&#8220;4.27.4&#8243; _module_preset=&#8220;default&#8220; global_colors_info=&#8220;{}&#8220;][\/wdcl_image_carousel_child][wdcl_image_carousel_child admin_title=&#8220;Bild 1&#8243; photo=&#8220;https:\/\/www.camping-freiburg.de\/wp-content\/uploads\/2024\/11\/Camping-Hirzberg-Freiburg-150.jpg&#8220; _builder_version=&#8220;4.27.4&#8243; _module_preset=&#8220;default&#8220; global_colors_info=&#8220;{}&#8220;][\/wdcl_image_carousel_child][\/wdcl_image_carousel][et_pb_button button_url=&#8220;@ET-DC@eyJkeW5hbWljIjp0cnVlLCJjb250ZW50IjoicG9zdF9saW5rX3VybF9wYWdlIiwic2V0dGluZ3MiOnsicG9zdF9pZCI6IjI1NTU0In19@&#8220; button_text=&#8220;Jetzt anfragen&#8220; _builder_version=&#8220;4.27.4&#8243; _dynamic_attributes=&#8220;button_url&#8220; _module_preset=&#8220;9ef88cd1-7b27-4008-beda-258a09a4a129&#8243; button_bg_color=&#8220;#FFFFFF&#8220; button_border_radius=&#8220;100px&#8220; custom_padding=&#8220;6px|18px|6px|18px|false|true&#8220; locked=&#8220;off&#8220; global_colors_info=&#8220;{}&#8220; button_bg_color__hover=&#8220;#ABCFAB&#8220; button_bg_enable_color__hover=&#8220;on&#8220;][\/et_pb_button][\/et_pb_column][et_pb_column type=&#8220;3_5&#8243; _builder_version=&#8220;4.24.0&#8243; _module_preset=&#8220;default&#8220; global_colors_info=&#8220;{}&#8220;][et_pb_text _builder_version=&#8220;4.27.4&#8243; _module_preset=&#8220;default&#8220; link_text_color=&#8220;#7A6855&#8243; custom_padding=&#8220;||33px|||&#8220; global_colors_info=&#8220;{}&#8220;]<\/p>\n<h2>Vieles im Leben ist gar nicht so kompliziert. Miteinander auskommen zum Beispiel.<\/h2>\n<p><strong><\/strong><\/p>\n<p><strong>Hirzberg-WG-Regeln? Die goldene Regel: Was du nicht willst, das man dir tu, das f\u00fcg auch keinem anderen zu.<\/strong><\/p>\n<p>Alles gesagt, oder?\u00a0Ein wenig Feingef\u00fchl, ein bisschen Mitdenken \u2013 und vor allem die F\u00e4higkeit, sich selbst nicht immer so ernst zu nehmen. Dabei hilft im \u00dcbrigen: Humor.<\/p>\n<p>Wer\u2019s dennoch gerne gelesen haben will \u2013 jetzt kommt, was uns wichtig ist, damit beim hier alle eine entspannte Zeit haben.<\/p>\n<p>[\/et_pb_text][et_pb_accordion open_toggle_text_color=&#8220;#7A6855&#8243; open_toggle_background_color=&#8220;#FFFFFF&#8220; closed_toggle_background_color=&#8220;rgba(215,208,200,0.21)&#8220; toggle_icon=&#8220;&#x43;||divi||400&#8243; icon_color=&#8220;#7A6855&#8243; use_icon_font_size=&#8220;on&#8220; icon_font_size=&#8220;25px&#8220; _builder_version=&#8220;4.27.5&#8243; _module_preset=&#8220;default&#8220; toggle_text_color=&#8220;#7A6855&#8243; toggle_level=&#8220;h4&#8243; closed_toggle_font=&#8220;||||||||&#8220; body_font_size=&#8220;15px&#8220; body_link_text_color=&#8220;#7A6855&#8243; custom_margin=&#8220;||||false|false&#8220; custom_padding=&#8220;||||false|false&#8220; hover_enabled=&#8220;0&#8243; custom_css_toggle=&#8220;margin-bottom:14px;||padding:16px;&#8220; border_radii=&#8220;on|12px|12px|12px|12px&#8220; box_shadow_style=&#8220;preset3&#8243; box_shadow_vertical=&#8220;10px&#8220; box_shadow_blur=&#8220;10px&#8220; box_shadow_color=&#8220;#F1EFEC&#8220; global_colors_info=&#8220;{}&#8220; open_toggle_background_color__hover_enabled=&#8220;on|desktop&#8220; open_toggle_background_color__hover=&#8220;rgba(241,239,236,0.27)&#8220; sticky_enabled=&#8220;0&#8243;][et_pb_accordion_item title=&#8220;R\u00fccksicht nehmen&#8220; open=&#8220;on&#8220; _builder_version=&#8220;4.27.5&#8243; _module_preset=&#8220;default&#8220; hover_enabled=&#8220;0&#8243; global_colors_info=&#8220;{}&#8220; sticky_enabled=&#8220;0&#8243;]<\/p>\n<p>Hirzberg Camping ist ein eher kleiner Platz \u2013 f\u00fcr entspannte Auszeiten, nicht f\u00fcr gro\u00dfe Egos und Ellenbogen. Hier muss niemand laut werden, um sich bemerkbar zu machen. Wer Ruhe braucht, bekommt sie. Wer Austausch sucht, findet ihn. Geht beides wunderbar. Versucht\u2019s einfach.<\/p>\n<p><strong>Und wer mit Hund reist: gerne. Und eben wie alle anderen auch: r\u00fccksichtsvoll<\/strong><\/p>\n<ul>\n<li><strong>Auf dem Platz den Hund bitte ausschlie\u00dflich an der Leine.<\/strong><\/li>\n<li><strong>Gassi IMMER au\u00dferhalb des Platzes.<\/strong><\/li>\n<li><strong>Ja, auch beim kleinen Gesch\u00e4ft. Denn wenn eine(r) markiert, markieren alle.<\/strong><\/li>\n<\/ul>\n<p>[\/et_pb_accordion_item][et_pb_accordion_item title=&#8220;Miteinander reden&#8220; _builder_version=&#8220;4.27.5&#8243; _module_preset=&#8220;default&#8220; global_colors_info=&#8220;{}&#8220; open=&#8220;off&#8220;]<\/p>\n<p>Und wenn&#8217;s halt doch mal hakt: Willkommen im Leben! Dann hilft reden. Untereinander und mit uns. Das gilt vor allem bei Kritik und f\u00fcr Verbesserungsvorschl\u00e4ge. Her damit! Lieber offen und direkt anstatt zwei Tage sp\u00e4ter auf Google.<\/p>\n<p>[\/et_pb_accordion_item][et_pb_accordion_item title=&#8220;Da sein&#8220; _builder_version=&#8220;4.27.4&#8243; _module_preset=&#8220;default&#8220; global_colors_info=&#8220;{}&#8220; open=&#8220;off&#8220;]<\/p>\n<p>Deswegen ist immer ein Teil des Teams vor Ort. Empfang mit Bildschirm? Wir halten lieber Blickkontakt als QR-Codes unter nen Scanner. Der k\u00f6nnte auch nicht so gut nebenbei so hervorragenden Espresso zubereiten. Und ein Pl\u00e4uschchen halten.<\/p>\n<p>Und falls wir mal kurz \u201cdirekt\u201d werden (bei Platzvergabe und -einweisung ), nehmt\u2019s bitte als n\u00f6tige Klarheit und vertraut uns. Wir haben wirklich den \u00dcberblick und Erfahrung mit unserem Pl\u00e4tzle.<\/p>\n<p>[\/et_pb_accordion_item][et_pb_accordion_item title=&#8220;Gelassen bleiben&#8220; _builder_version=&#8220;4.27.4&#8243; _module_preset=&#8220;default&#8220; global_colors_info=&#8220;{}&#8220; open=&#8220;off&#8220;]<\/p>\n<p>Trotzdem \u2013 niemand spielt sich hier als Chef auf. Selbst der Chef nicht. Alle sind hier Boss, wenn es darum geht, eine soziale Gemeinschaft auf Zeit zu sein. Nicht alles ist geregelt. Aber das meiste l\u00e4sst sich regeln.<\/p>\n<p>[\/et_pb_accordion_item][et_pb_accordion_item title=&#8220;M\u00fcll trennen&#8220; _builder_version=&#8220;4.27.5&#8243; _module_preset=&#8220;default&#8220; global_colors_info=&#8220;{}&#8220; open=&#8220;off&#8220;]<\/p>\n<p>Wer Campen liebt, liebt die Natur.<\/p>\n<p>Also bitte, bitte Leute: liebt konsequent. Wir k\u00f6nnten jetzt einen \u00f6kologischen Appell starten, oder das Prinzip der wiederverwertbaren Rohstoffe erkl\u00e4ren.<\/p>\n<p>Aber ehrlich: M\u00fcll trennen ist nicht aufw\u00e4ndig. Nur anst\u00e4ndig. Wir machen\u2019s euch einfach: Die <strong>Wertstoffinsel<\/strong> direkt am Eingang steht bereit.<\/p>\n<p>[\/et_pb_accordion_item][et_pb_accordion_item title=&#8220;WLAN&#8220; _builder_version=&#8220;4.27.4&#8243; _module_preset=&#8220;default&#8220; global_colors_info=&#8220;{}&#8220; open=&#8220;off&#8220;]<\/p>\n<p>Last, but not least \u2013 ein Thema, fast so sensibel wie Stellplatzw\u00fcnsche. Die gute Nachricht zuerst: <strong>WLAN ist kostenlos. <\/strong>Daf\u00fcr allerdings unglaublich langsam, vor allem wenn alle parallel streamen. Und nein, ist keine pers\u00f6nliche Offline-Philosophie. Wir sind da schon lange dran. Aber bis die Telekom sich zur Infrastruktur bekennt, bleibt\u2019s bei: begrenzt und erstaunlich erholsam.<\/p>\n<p>[\/et_pb_accordion_item][\/et_pb_accordion][et_pb_accordion _builder_version=&#8220;4.27.4&#8243; _module_preset=&#8220;default&#8220; global_colors_info=&#8220;{}&#8220;][\/et_pb_accordion][\/et_pb_column][\/et_pb_row][\/et_pb_section][et_pb_section fb_built=&#8220;1&#8243; _builder_version=&#8220;4.27.3&#8243; _module_preset=&#8220;default&#8220; background_color=&#8220;rgba(241,239,236,0.45)&#8220; custom_padding=&#8220;64px||37px|||&#8220; da_disable_devices=&#8220;off|off|off&#8220; global_colors_info=&#8220;{}&#8220; da_is_popup=&#8220;off&#8220; da_exit_intent=&#8220;off&#8220; da_has_close=&#8220;on&#8220; da_alt_close=&#8220;off&#8220; da_dark_close=&#8220;off&#8220; da_not_modal=&#8220;on&#8220; da_is_singular=&#8220;off&#8220; da_with_loader=&#8220;off&#8220; da_has_shadow=&#8220;on&#8220;][et_pb_row column_structure=&#8220;2_5,3_5&#8243; _builder_version=&#8220;4.27.3&#8243; _module_preset=&#8220;default&#8220; custom_padding=&#8220;||65px|||&#8220; global_colors_info=&#8220;{}&#8220;][et_pb_column type=&#8220;2_5&#8243; module_class=&#8220;camp-inline-buttons&#8220; _builder_version=&#8220;4.27.3&#8243; _module_preset=&#8220;default&#8220; global_colors_info=&#8220;{}&#8220;][et_pb_image src=&#8220;https:\/\/www.camping-freiburg.de\/wp-content\/uploads\/2024\/02\/20210722-4963-1024&#215;683.jpg&#8220; title_text=&#8220;20210722-4963&#8243; _builder_version=&#8220;4.27.3&#8243; _module_preset=&#8220;default&#8220; global_colors_info=&#8220;{}&#8220;][\/et_pb_image][\/et_pb_column][et_pb_column type=&#8220;3_5&#8243; module_class=&#8220;camp-inline-buttons&#8220; _builder_version=&#8220;4.27.3&#8243; _module_preset=&#8220;default&#8220; global_colors_info=&#8220;{}&#8220;][et_pb_text _builder_version=&#8220;4.27.5&#8243; _module_preset=&#8220;default&#8220; link_text_color=&#8220;#7A6855&#8243; custom_padding=&#8220;||33px|||&#8220; global_colors_info=&#8220;{}&#8220;]<\/p>\n<h2>Ganzj\u00e4hrig ge\u00f6ffnet<\/h2>\n<p>Wir haben ganzj\u00e4hrig ge\u00f6ffnet:<\/p>\n<p>\u00d6ffnungszeiten Rezeption:<br \/><strong>01. November &#8211; 28. Februar:<\/strong><br \/>09:00 &#8211; 12:00 &amp; 16:00 &#8211; 17:00 Uhr<\/p>\n<p><strong>01. M\u00e4rz &#8211; 31. Oktober:<\/strong><br \/>08:00-13:00 &amp; 15:00 &#8211; 18:00 Uhr<\/p>\n<p>[\/et_pb_text][\/et_pb_column][\/et_pb_row][\/et_pb_section]<\/p>\n","protected":false},"excerpt":{"rendered":"<p>Auch nur Menschen. Und davon Gute!Camping HirzbergWer ist hier der Boss? Gute Frage. Wir w\u00fcrden sagen: jede*r. Wenns darum geht, dass alles geschmeidig l\u00e4uft. Dabei sind wir als Team nat\u00fcrlich Ansprechpartner*innen, organisieren dies und jenes, halten diesen sch\u00f6nen Ort in Schuss und in Ehren und entwickeln ihn weiter. Das Team \u2013 erkennt man sp\u00e4testens vor [&hellip;]<\/p>\n","protected":false},"author":1,"featured_media":0,"parent":0,"menu_order":0,"comment_status":"closed","ping_status":"closed","template":"","meta":{"_et_pb_use_builder":"on","_et_pb_old_content":"","_et_gb_content_width":"","inline_featured_image":false,"footnotes":""},"class_list":["post-25933","page","type-page","status-publish","hentry"],"_links":{"self":[{"href":"https:\/\/www.camping-freiburg.de\/en\/wp-json\/wp\/v2\/pages\/25933","targetHints":{"allow":["GET"]}}],"collection":[{"href":"https:\/\/www.camping-freiburg.de\/en\/wp-json\/wp\/v2\/pages"}],"about":[{"href":"https:\/\/www.camping-freiburg.de\/en\/wp-json\/wp\/v2\/types\/page"}],"author":[{"embeddable":true,"href":"https:\/\/www.camping-freiburg.de\/en\/wp-json\/wp\/v2\/users\/1"}],"replies":[{"embeddable":true,"href":"https:\/\/www.camping-freiburg.de\/en\/wp-json\/wp\/v2\/comments?post=25933"}],"version-history":[{"count":0,"href":"https:\/\/www.camping-freiburg.de\/en\/wp-json\/wp\/v2\/pages\/25933\/revisions"}],"wp:attachment":[{"href":"https:\/\/www.camping-freiburg.de\/en\/wp-json\/wp\/v2\/media?parent=25933"}],"curies":[{"name":"wp","href":"https:\/\/api.w.org\/{rel}","templated":true}]}}